{"id":3809,"date":"2025-07-21T10:25:33","date_gmt":"2025-07-21T10:25:33","guid":{"rendered":"https:\/\/enecworld.com\/?page_id=3809"},"modified":"2025-07-21T13:02:23","modified_gmt":"2025-07-21T13:02:23","slug":"partner","status":"publish","type":"page","link":"https:\/\/enecworld.com\/en\/partner\/","title":{"rendered":"Partner"},"content":{"rendered":"<div data-elementor-type=\"wp-page\" data-elementor-id=\"3809\" class=\"elementor elementor-3809\" data-elementor-post-type=\"page\">\n\t\t\t\t<div class=\"elementor-element elementor-element-4d76724 hero hero-servicios e-flex e-con-boxed e-con e-parent\" data-id=\"4d76724\" data-element_type=\"container\" data-e-type=\"container\">\n\t\t\t\t\t<div class=\"e-con-inner\">\n\t\t<div class=\"elementor-element elementor-element-63a1754 e-con-full col-left e-flex e-con e-child\" data-id=\"63a1754\" data-element_type=\"container\" data-e-type=\"container\">\n\t\t<div class=\"elementor-element elementor-element-826c7dc e-con-full e-flex e-con e-child\" data-id=\"826c7dc\" data-element_type=\"container\" data-e-type=\"container\">\n\t\t\t\t<div class=\"elementor-element elementor-element-51c8d3e elementor-widget elementor-widget-image\" data-id=\"51c8d3e\" data-element_type=\"widget\" data-e-type=\"widget\" data-widget_type=\"image.default\">\n\t\t\t\t<div class=\"elementor-widget-container\">\n\t\t\t\t\t\t\t\t\t\t\t\t\t\t\t<img decoding=\"async\" width=\"15\" height=\"15\" src=\"https:\/\/enecworld.com\/wp-content\/uploads\/2025\/03\/squares-plus-1.svg\" class=\"attachment-full size-full wp-image-3555\" alt=\"\" \/>\t\t\t\t\t\t\t\t\t\t\t\t\t\t\t<\/div>\n\t\t\t\t<\/div>\n\t\t\t\t<div class=\"elementor-element elementor-element-d2f3a24 elementor-widget elementor-widget-heading\" data-id=\"d2f3a24\" data-element_type=\"widget\" data-e-type=\"widget\" data-widget_type=\"heading.default\">\n\t\t\t\t<div class=\"elementor-widget-container\">\n\t\t\t\t\t<p class=\"elementor-heading-title elementor-size-default\">Hazte Partner<\/p>\t\t\t\t<\/div>\n\t\t\t\t<\/div>\n\t\t\t\t<\/div>\n\t\t\t\t<div class=\"elementor-element elementor-element-40b3139 elementor-widget__width-initial elementor-widget-tablet__width-inherit gradiente elementor-widget elementor-widget-heading\" data-id=\"40b3139\" data-element_type=\"widget\" data-e-type=\"widget\" data-widget_type=\"heading.default\">\n\t\t\t\t<div class=\"elementor-widget-container\">\n\t\t\t\t\t<p class=\"elementor-heading-title elementor-size-default\">\u00a1Convi\u00e9rtete en nuestro Partner Tecnol\u00f3gico y potencia tu negocio!<\/p>\t\t\t\t<\/div>\n\t\t\t\t<\/div>\n\t\t<div class=\"elementor-element elementor-element-f19add9 e-con-full e-flex e-con e-child\" data-id=\"f19add9\" data-element_type=\"container\" data-e-type=\"container\">\n\t\t\t\t<div class=\"elementor-element elementor-element-d986c2e medium elementor-widget__width-initial elementor-widget-tablet__width-inherit elementor-widget elementor-widget-text-editor\" data-id=\"d986c2e\" data-element_type=\"widget\" data-e-type=\"widget\" data-widget_type=\"text-editor.default\">\n\t\t\t\t<div class=\"elementor-widget-container\">\n\t\t\t\t\t\t\t\t\t<p>En Enecworld, sabemos que el \u00e9xito en el mundo IT se basa en <b>la innovaci\u00f3n, la confianza y las alianzas estrat\u00e9gicas.<\/b><\/p><p>Por eso, <b>te invitamos a ser parte de nuestra red de partners tecnol\u00f3gicos,<\/b> una oportunidad \u00fanica para crecer juntos y transformar el futuro digital.<\/p>\t\t\t\t\t\t\t\t<\/div>\n\t\t\t\t<\/div>\n\t\t<div class=\"elementor-element elementor-element-6bce3e8 e-con-full e-flex e-con e-child\" data-id=\"6bce3e8\" data-element_type=\"container\" data-e-type=\"container\">\n\t\t\t\t<div class=\"elementor-element elementor-element-80b1e06 botones-elementor btn-icon btn-naranja elementor-widget elementor-widget-button\" data-id=\"80b1e06\" data-element_type=\"widget\" data-e-type=\"widget\" data-widget_type=\"button.default\">\n\t\t\t\t<div class=\"elementor-widget-container\">\n\t\t\t\t\t\t\t\t\t<div class=\"elementor-button-wrapper\">\n\t\t\t\t\t<a class=\"elementor-button elementor-button-link elementor-size-sm\" href=\"#formulario\">\n\t\t\t\t\t\t<span class=\"elementor-button-content-wrapper\">\n\t\t\t\t\t\t<span class=\"elementor-button-icon\">\n\t\t\t\t<svg xmlns=\"http:\/\/www.w3.org\/2000\/svg\" width=\"20\" height=\"21\" viewbox=\"0 0 20 21\" fill=\"none\"><path d=\"M3.75 10.5L16.25 10.5M16.25 10.5L10.625 4.875M16.25 10.5L10.625 16.125\" stroke=\"white\" stroke-linecap=\"round\" stroke-linejoin=\"round\"><\/path><\/svg>\t\t\t<\/span>\n\t\t\t\t\t\t\t\t\t<span class=\"elementor-button-text\">Quiero ser Partner<\/span>\n\t\t\t\t\t<\/span>\n\t\t\t\t\t<\/a>\n\t\t\t\t<\/div>\n\t\t\t\t\t\t\t\t<\/div>\n\t\t\t\t<\/div>\n\t\t\t\t<div class=\"elementor-element elementor-element-9c5fb8e botones-elementor btn-icon btn-blanco elementor-widget elementor-widget-button\" data-id=\"9c5fb8e\" data-element_type=\"widget\" data-e-type=\"widget\" data-widget_type=\"button.default\">\n\t\t\t\t<div class=\"elementor-widget-container\">\n\t\t\t\t\t\t\t\t\t<div class=\"elementor-button-wrapper\">\n\t\t\t\t\t<a class=\"elementor-button elementor-button-link elementor-size-sm\" href=\"\/en\/contacto\/\">\n\t\t\t\t\t\t<span class=\"elementor-button-content-wrapper\">\n\t\t\t\t\t\t<span class=\"elementor-button-icon\">\n\t\t\t\t<svg xmlns=\"http:\/\/www.w3.org\/2000\/svg\" width=\"21\" height=\"21\" viewbox=\"0 0 21 21\" fill=\"none\"><path d=\"M4.25 10.5L16.75 10.5M16.75 10.5L11.125 4.875M16.75 10.5L11.125 16.125\" stroke=\"#F16D0A\" stroke-linecap=\"round\" stroke-linejoin=\"round\"><\/path><\/svg>\t\t\t<\/span>\n\t\t\t\t\t\t\t\t\t<span class=\"elementor-button-text\">Contact<\/span>\n\t\t\t\t\t<\/span>\n\t\t\t\t\t<\/a>\n\t\t\t\t<\/div>\n\t\t\t\t\t\t\t\t<\/div>\n\t\t\t\t<\/div>\n\t\t\t\t<\/div>\n\t\t\t\t<\/div>\n\t\t\t\t<\/div>\n\t\t<div data-dce-background-image-url=\"http:\/\/enecworld.com\/wp-content\/uploads\/2025\/07\/HERO-1-1.jpg\" class=\"elementor-element elementor-element-d874818 e-con-full max-770 e-flex e-con e-child\" data-id=\"d874818\" data-element_type=\"container\" data-e-type=\"container\" data-settings=\"{&quot;background_background&quot;:&quot;classic&quot;}\">\n\t\t\t\t<\/div>\n\t\t\t\t\t<\/div>\n\t\t\t\t<\/div>\n\t\t<div class=\"elementor-element elementor-element-86b9d75 e-flex e-con-boxed e-con e-parent\" data-id=\"86b9d75\" data-element_type=\"container\" data-e-type=\"container\">\n\t\t\t\t\t<div class=\"e-con-inner\">\n\t\t\t\t<div class=\"elementor-element elementor-element-2c42280 elementor-widget-divider--view-line elementor-widget elementor-widget-divider\" data-id=\"2c42280\" data-element_type=\"widget\" data-e-type=\"widget\" data-widget_type=\"divider.default\">\n\t\t\t\t<div class=\"elementor-widget-container\">\n\t\t\t\t\t\t\t<div class=\"elementor-divider\">\n\t\t\t<span class=\"elementor-divider-separator\">\n\t\t\t\t\t\t<\/span>\n\t\t<\/div>\n\t\t\t\t\t\t<\/div>\n\t\t\t\t<\/div>\n\t\t\t\t\t<\/div>\n\t\t\t\t<\/div>\n\t\t<div class=\"elementor-element elementor-element-38598ff e-flex e-con-boxed e-con e-parent\" data-id=\"38598ff\" data-element_type=\"container\" data-e-type=\"container\">\n\t\t\t\t\t<div class=\"e-con-inner\">\n\t\t\t\t<div class=\"elementor-element elementor-element-66b0b1b elementor-widget elementor-widget-heading\" data-id=\"66b0b1b\" data-element_type=\"widget\" data-e-type=\"widget\" data-widget_type=\"heading.default\">\n\t\t\t\t<div class=\"elementor-widget-container\">\n\t\t\t\t\t<p class=\"elementor-heading-title elementor-size-default\">\u00bfPor qu\u00e9 ser nuestro partner tecnol\u00f3gico?<\/p>\t\t\t\t<\/div>\n\t\t\t\t<\/div>\n\t\t<div class=\"elementor-element elementor-element-bcedaf4 e-con-full e-flex e-con e-child\" data-id=\"bcedaf4\" data-element_type=\"container\" data-e-type=\"container\">\n\t\t<div class=\"elementor-element elementor-element-6ae18d5 e-con-full e-flex e-con e-child\" data-id=\"6ae18d5\" data-element_type=\"container\" data-e-type=\"container\">\n\t\t\t\t<div class=\"elementor-element elementor-element-bc908a5 medium elementor-widget elementor-widget-text-editor\" data-id=\"bc908a5\" data-element_type=\"widget\" data-e-type=\"widget\" data-widget_type=\"text-editor.default\">\n\t\t\t\t<div class=\"elementor-widget-container\">\n\t\t\t\t\t\t\t\t\t<p><b>Acceso a tecnolog\u00eda de vanguardia:<\/b> Trabaje con soluciones innovadoras que le permitir\u00e1n ofrecer a sus clientes productos y servicios de alta calidad.<\/p><p><b>Crecimiento conjunto:<\/b> Nuestra alianza est\u00e1 dise\u00f1ada para generar valor mutuo, impulsar su negocio y fortalecer su posicionamiento en soluciones de ciberseguridad e inteligencia artificial.<\/p>\t\t\t\t\t\t\t\t<\/div>\n\t\t\t\t<\/div>\n\t\t\t\t<\/div>\n\t\t<div class=\"elementor-element elementor-element-4aeffd5 e-con-full e-flex e-con e-child\" data-id=\"4aeffd5\" data-element_type=\"container\" data-e-type=\"container\">\n\t\t\t\t<div class=\"elementor-element elementor-element-3ea5505 medium elementor-widget elementor-widget-text-editor\" data-id=\"3ea5505\" data-element_type=\"widget\" data-e-type=\"widget\" data-widget_type=\"text-editor.default\">\n\t\t\t\t<div class=\"elementor-widget-container\">\n\t\t\t\t\t\t\t\t\t<p><b>Oportunidades comerciales exclusivas:<\/b> Ampl\u00ede su cartera de clientes y participe en proyectos estrat\u00e9gicos con nuestra red global.<\/p><p><b>Soporte y capacitaci\u00f3n continua:<\/b> Lo acompa\u00f1amos en cada paso con formaci\u00f3n especializada, soporte t\u00e9cnico dedicado y recursos exclusivos para potenciar sus capacidades.<\/p>\t\t\t\t\t\t\t\t<\/div>\n\t\t\t\t<\/div>\n\t\t\t\t<\/div>\n\t\t\t\t<\/div>\n\t\t\t\t\t<\/div>\n\t\t\t\t<\/div>\n\t\t<div class=\"elementor-element elementor-element-23b2352 e-flex e-con-boxed e-con e-parent\" data-id=\"23b2352\" data-element_type=\"container\" data-e-type=\"container\">\n\t\t\t\t\t<div class=\"e-con-inner\">\n\t\t\t\t<div class=\"elementor-element elementor-element-6bdb303 elementor-widget elementor-widget-heading\" data-id=\"6bdb303\" data-element_type=\"widget\" data-e-type=\"widget\" data-widget_type=\"heading.default\">\n\t\t\t\t<div class=\"elementor-widget-container\">\n\t\t\t\t\t<p class=\"elementor-heading-title elementor-size-default\">\u00bfA qui\u00e9n buscamos?<\/p>\t\t\t\t<\/div>\n\t\t\t\t<\/div>\n\t\t<div class=\"elementor-element elementor-element-8f6a078 e-con-full e-flex e-con e-child\" data-id=\"8f6a078\" data-element_type=\"container\" data-e-type=\"container\">\n\t\t<div class=\"elementor-element elementor-element-890e6ed e-con-full e-flex e-con e-child\" data-id=\"890e6ed\" data-element_type=\"container\" data-e-type=\"container\">\n\t\t\t\t<div class=\"elementor-element elementor-element-ba247b7 medium elementor-widget elementor-widget-text-editor\" data-id=\"ba247b7\" data-element_type=\"widget\" data-e-type=\"widget\" data-widget_type=\"text-editor.default\">\n\t\t\t\t<div class=\"elementor-widget-container\">\n\t\t\t\t\t\t\t\t\t<p><b>Empresas y profesionales apasionados por la tecnolog\u00eda,<\/b> con visi\u00f3n de futuro y ganas de innovar.<\/p>\t\t\t\t\t\t\t\t<\/div>\n\t\t\t\t<\/div>\n\t\t\t\t<\/div>\n\t\t<div class=\"elementor-element elementor-element-935c7f4 e-con-full e-flex e-con e-child\" data-id=\"935c7f4\" data-element_type=\"container\" data-e-type=\"container\">\n\t\t\t\t<div class=\"elementor-element elementor-element-a9d7d50 medium elementor-widget elementor-widget-text-editor\" data-id=\"a9d7d50\" data-element_type=\"widget\" data-e-type=\"widget\" data-widget_type=\"text-editor.default\">\n\t\t\t\t<div class=\"elementor-widget-container\">\n\t\t\t\t\t\t\t\t\t<p>Si compartes nuestro compromiso con la excelencia y la transformaci\u00f3n digital, <b>\u00a1queremos conocerte!<\/b><\/p>\t\t\t\t\t\t\t\t<\/div>\n\t\t\t\t<\/div>\n\t\t\t\t<\/div>\n\t\t\t\t<\/div>\n\t\t\t\t\t<\/div>\n\t\t\t\t<\/div>\n\t\t<div data-dce-background-color=\"#E7E6E6\" class=\"elementor-element elementor-element-ac612f1 e-con-full e-flex e-con e-parent\" data-id=\"ac612f1\" data-element_type=\"container\" data-e-type=\"container\" id=\"formulario\" data-settings=\"{&quot;background_background&quot;:&quot;classic&quot;}\">\n\t\t\t\t<div class=\"elementor-element elementor-element-6716bca elementor-widget elementor-widget-heading\" data-id=\"6716bca\" data-element_type=\"widget\" data-e-type=\"widget\" data-widget_type=\"heading.default\">\n\t\t\t\t<div class=\"elementor-widget-container\">\n\t\t\t\t\t<p class=\"elementor-heading-title elementor-size-default\">\u00bfQuieres saber m\u00e1s?<\/p>\t\t\t\t<\/div>\n\t\t\t\t<\/div>\n\t\t\t\t<div class=\"elementor-element elementor-element-b5420c0 medium elementor-widget elementor-widget-text-editor\" data-id=\"b5420c0\" data-element_type=\"widget\" data-e-type=\"widget\" data-widget_type=\"text-editor.default\">\n\t\t\t\t<div class=\"elementor-widget-container\">\n\t\t\t\t\t\t\t\t\t<p>Cont\u00e1ctanos y descubre c\u00f3mo podemos construir juntos el camino hacia el \u00e9xito tecnol\u00f3gico.<\/p>\t\t\t\t\t\t\t\t<\/div>\n\t\t\t\t<\/div>\n\t\t\t\t<div class=\"elementor-element elementor-element-fcfade9 botones-elementor btn-icon btn-naranja elementor-align-center elementor-widget elementor-widget-button\" data-id=\"fcfade9\" data-element_type=\"widget\" data-e-type=\"widget\" data-widget_type=\"button.default\">\n\t\t\t\t<div class=\"elementor-widget-container\">\n\t\t\t\t\t\t\t\t\t<div class=\"elementor-button-wrapper\">\n\t\t\t\t\t<a class=\"elementor-button elementor-button-link elementor-size-sm\" href=\"#elementor-action%3Aaction%3Dpopup%3Aopen%26settings%3DeyJpZCI6IjM4MjQiLCJ0b2dnbGUiOmZhbHNlfQ%3D%3D\">\n\t\t\t\t\t\t<span class=\"elementor-button-content-wrapper\">\n\t\t\t\t\t\t<span class=\"elementor-button-icon\">\n\t\t\t\t<svg xmlns=\"http:\/\/www.w3.org\/2000\/svg\" width=\"20\" height=\"21\" viewbox=\"0 0 20 21\" fill=\"none\"><path d=\"M3.75 10.5L16.25 10.5M16.25 10.5L10.625 4.875M16.25 10.5L10.625 16.125\" stroke=\"white\" stroke-linecap=\"round\" stroke-linejoin=\"round\"><\/path><\/svg>\t\t\t<\/span>\n\t\t\t\t\t\t\t\t\t<span class=\"elementor-button-text\">Quiero ser Partner<\/span>\n\t\t\t\t\t<\/span>\n\t\t\t\t\t<\/a>\n\t\t\t\t<\/div>\n\t\t\t\t\t\t\t\t<\/div>\n\t\t\t\t<\/div>\n\t\t\t\t<\/div>\n\t\t\t\t<\/div>","protected":false},"excerpt":{"rendered":"<p>Hazte Partner \u00a1Convi\u00e9rtete en nuestro Partner Tecnol\u00f3gico y potencia tu negocio! En Enecworld, sabemos que el \u00e9xito en el mundo IT se basa en la innovaci\u00f3n, la confianza y las alianzas estrat\u00e9gicas. Por eso, te invitamos a ser parte de nuestra red de partners tecnol\u00f3gicos, una oportunidad \u00fanica para crecer juntos y transformar el futuro [&hellip;]<\/p>\n","protected":false},"author":1,"featured_media":0,"parent":0,"menu_order":0,"comment_status":"closed","ping_status":"closed","template":"","meta":{"_acf_changed":false,"footnotes":""},"class_list":["post-3809","page","type-page","status-publish","hentry"],"acf":[],"_links":{"self":[{"href":"https:\/\/enecworld.com\/en\/wp-json\/wp\/v2\/pages\/3809","targetHints":{"allow":["GET"]}}],"collection":[{"href":"https:\/\/enecworld.com\/en\/wp-json\/wp\/v2\/pages"}],"about":[{"href":"https:\/\/enecworld.com\/en\/wp-json\/wp\/v2\/types\/page"}],"author":[{"embeddable":true,"href":"https:\/\/enecworld.com\/en\/wp-json\/wp\/v2\/users\/1"}],"replies":[{"embeddable":true,"href":"https:\/\/enecworld.com\/en\/wp-json\/wp\/v2\/comments?post=3809"}],"version-history":[{"count":0,"href":"https:\/\/enecworld.com\/en\/wp-json\/wp\/v2\/pages\/3809\/revisions"}],"wp:attachment":[{"href":"https:\/\/enecworld.com\/en\/wp-json\/wp\/v2\/media?parent=3809"}],"curies":[{"name":"wp","href":"https:\/\/api.w.org\/{rel}","templated":true}]}}