{"id":3026,"date":"2025-03-10T08:01:51","date_gmt":"2025-03-10T08:01:51","guid":{"rendered":"https:\/\/enecworld.com\/?page_id=3026"},"modified":"2025-03-11T08:15:31","modified_gmt":"2025-03-11T08:15:31","slug":"sig","status":"publish","type":"page","link":"https:\/\/enecworld.com\/en\/sig\/","title":{"rendered":"SIG"},"content":{"rendered":"<div data-elementor-type=\"wp-page\" data-elementor-id=\"3026\" class=\"elementor elementor-3026\" data-elementor-post-type=\"page\">\n\t\t\t\t<div class=\"elementor-element elementor-element-19bfc28 e-flex e-con-boxed e-con e-parent\" data-id=\"19bfc28\" data-element_type=\"container\" data-e-type=\"container\">\n\t\t\t\t\t<div class=\"e-con-inner\">\n\t\t\t\t<div class=\"elementor-element elementor-element-4ebde65 elementor-widget-tablet__width-inherit gradiente elementor-widget elementor-widget-heading\" data-id=\"4ebde65\" data-element_type=\"widget\" data-e-type=\"widget\" data-widget_type=\"heading.default\">\n\t\t\t\t<div class=\"elementor-widget-container\">\n\t\t\t\t\t<p class=\"elementor-heading-title elementor-size-default\">SIG<\/p>\t\t\t\t<\/div>\n\t\t\t\t<\/div>\n\t\t\t\t<div class=\"elementor-element elementor-element-59a6dad contenido-web elementor-widget elementor-widget-text-editor\" data-id=\"59a6dad\" data-element_type=\"widget\" data-e-type=\"widget\" data-widget_type=\"text-editor.default\">\n\t\t\t\t<div class=\"elementor-widget-container\">\n\t\t\t\t\t\t\t\t\t<p>El Sistema de Gesti\u00f3n de la Seguridad de la Informaci\u00f3n de ENECWORLD. tiene como objetivo fundamental la protecci\u00f3n de la informaci\u00f3n ofreciendo a sus trabajadores, clientes y proveedores un entorno de trabajo seguro mediante las medidas de<br>\nseguridad y procesos operativos adecuados.<\/p>\n<p><span style=\"color: var( --e-global-color-c002747 ); text-align: var(--text-align);\">Los principios de nuestra pol\u00edtica de seguridad de la informaci\u00f3n son:<\/span><\/p>\n<ul>\n<li><span style=\"color: var( --e-global-color-c002747 ); text-align: var(--text-align);\">Confidencialidad: La informaci\u00f3n debe ser conocida exclusivamente por las&nbsp;<\/span><span style=\"color: var( --e-global-color-c002747 ); text-align: var(--text-align);\">personas autorizadas.<\/span><\/li>\n<li>Integridad: La informaci\u00f3n ser\u00e1 en todo momento completa, exacta, v\u00e1lida y sin manipulaciones.<\/li>\n<li>Disponibilidad: La informaci\u00f3n ser\u00e1 siempre accesible por los usuarios autorizados en todo momento y se garantizar\u00e1 su persistencia ante cualquier eventualidad.<\/li>\n<\/ul>\n<div><span style=\"color: var( --e-global-color-c002747 ); text-align: var(--text-align);\">&nbsp;<\/span><\/div>\n<div><span style=\"color: var( --e-global-color-c002747 ); text-align: var(--text-align);\">En ENECWORLD somos conscientes de que nuestros servicios de consultor\u00eda IT y de&nbsp;<\/span><span style=\"color: var( --e-global-color-c002747 ); text-align: var(--text-align);\">las operaciones vinculadas requieren una protecci\u00f3n y gesti\u00f3n adecuados con el fin&nbsp;<\/span><span style=\"color: var( --e-global-color-c002747 ); text-align: var(--text-align);\">de dar continuidad a nuestros servicios y minimizar los posibles da\u00f1os ocasionados<\/span><\/div>\n<p>por fallos en la seguridad de la informaci\u00f3n.<\/p>\n<p><span style=\"color: var( --e-global-color-c002747 ); text-align: var(--text-align);\">Para todo ello adquirimos los siguientes compromisos:<\/span><\/p>\n<ul>\n<li>La voluntad permanente de ENECWORLD en materia de gesti\u00f3n de la seguridad de la informaci\u00f3n se pondr\u00e1 de manifiesto a trav\u00e9s de programas de formaci\u00f3n y sensibilizaci\u00f3n que fomenten la gesti\u00f3n participativa en esos \u00e1mbitos, posibilitando que las habilidades del personal sean utilizadas para la mejora continua del proceso productivo y la seguridad.<\/li>\n<li>Para garantizar el desarrollo de nuestras actividades dentro de la normativa y reglamentaci\u00f3n aplicable, se dar\u00e1 cumplimiento a la legislaci\u00f3n y reglamentaci\u00f3n en vigor, as\u00ed como a otros requisitos suscritos con nuestros clientes, incluyendo los referentes a la seguridad de la informaci\u00f3n y protecci\u00f3n de datos.<\/li>\n<\/ul>\n<p>Edici\u00f3n 1<\/p>\n<ul>\n<li><span style=\"color: var( --e-global-color-c002747 ); text-align: var(--text-align);\">Cumplir con los requisitos y mejorar de forma continua la eficacia del Sistema de Gesti\u00f3n de la Seguridad de la Informaci\u00f3n, mediante la implantaci\u00f3n de sistemas de medici\u00f3n y seguimiento de los servicios prestados a nuestros clientes, as\u00ed como de objetivos de seguridad.<\/span><\/li>\n<li>Realizar y revisar peri\u00f3dicamente un an\u00e1lisis de riesgos basados en m\u00e9todos reconocidos que nos permitan establecer el nivel de seguridad de la informaci\u00f3n y minimizar los riesgos mediante el desarrollo de pol\u00edticas espec\u00edficas, soluciones t\u00e9cnicas y acuerdos contractuales con organizaciones especializadas.<\/li>\n<li>El personal de ENECWORLD desarrollar\u00e1 su trabajo orientado a la consecuci\u00f3n de los objetivos marcados y de acuerdo, en todo momento, con los requisitos legales, as\u00ed como los del cliente.<\/li>\n<li>Selecci\u00f3n de empleados, proveedores y subcontratistas en base a criterios de seguridad de la informaci\u00f3n.<\/li>\n<li>Todo incidente o debilidad que pueda comprometer o haya comprometido la confidencialidad, integridad y\/o disponibilidad de la informaci\u00f3n deber\u00e1 ser registrado y analizado para aplicar las correspondientes medidas correctivas y\/o preventivas. As\u00ed mismo, se comunicar\u00e1n a las partes interesadas en los plazos correspondientes.<\/li>\n<\/ul>\t\t\t\t\t\t\t\t<\/div>\n\t\t\t\t<\/div>\n\t\t\t\t\t<\/div>\n\t\t\t\t<\/div>\n\t\t\t\t<\/div>","protected":false},"excerpt":{"rendered":"<p>SIG El Sistema de Gesti\u00f3n de la Seguridad de la Informaci\u00f3n de ENECWORLD. tiene como objetivo fundamental la protecci\u00f3n de la informaci\u00f3n ofreciendo a sus trabajadores, clientes y proveedores un entorno de trabajo seguro mediante las medidas de seguridad y procesos operativos adecuados. Los principios de nuestra pol\u00edtica de seguridad de la informaci\u00f3n son: Confidencialidad: [&hellip;]<\/p>\n","protected":false},"author":1,"featured_media":0,"parent":0,"menu_order":0,"comment_status":"closed","ping_status":"closed","template":"","meta":{"_acf_changed":false,"footnotes":""},"class_list":["post-3026","page","type-page","status-publish","hentry"],"acf":[],"_links":{"self":[{"href":"https:\/\/enecworld.com\/en\/wp-json\/wp\/v2\/pages\/3026","targetHints":{"allow":["GET"]}}],"collection":[{"href":"https:\/\/enecworld.com\/en\/wp-json\/wp\/v2\/pages"}],"about":[{"href":"https:\/\/enecworld.com\/en\/wp-json\/wp\/v2\/types\/page"}],"author":[{"embeddable":true,"href":"https:\/\/enecworld.com\/en\/wp-json\/wp\/v2\/users\/1"}],"replies":[{"embeddable":true,"href":"https:\/\/enecworld.com\/en\/wp-json\/wp\/v2\/comments?post=3026"}],"version-history":[{"count":0,"href":"https:\/\/enecworld.com\/en\/wp-json\/wp\/v2\/pages\/3026\/revisions"}],"wp:attachment":[{"href":"https:\/\/enecworld.com\/en\/wp-json\/wp\/v2\/media?parent=3026"}],"curies":[{"name":"wp","href":"https:\/\/api.w.org\/{rel}","templated":true}]}}