{"id":3007,"date":"2025-03-10T07:59:36","date_gmt":"2025-03-10T07:59:36","guid":{"rendered":"https:\/\/enecworld.com\/?page_id=3007"},"modified":"2025-03-11T08:15:48","modified_gmt":"2025-03-11T08:15:48","slug":"aviso-legal","status":"publish","type":"page","link":"https:\/\/enecworld.com\/en\/aviso-legal\/","title":{"rendered":"Aviso Legal"},"content":{"rendered":"<div data-elementor-type=\"wp-page\" data-elementor-id=\"3007\" class=\"elementor elementor-3007\" data-elementor-post-type=\"page\">\n\t\t\t\t<div class=\"elementor-element elementor-element-19bfc28 e-flex e-con-boxed e-con e-parent\" data-id=\"19bfc28\" data-element_type=\"container\" data-e-type=\"container\">\n\t\t\t\t\t<div class=\"e-con-inner\">\n\t\t\t\t<div class=\"elementor-element elementor-element-4ebde65 elementor-widget-tablet__width-inherit gradiente elementor-widget elementor-widget-heading\" data-id=\"4ebde65\" data-element_type=\"widget\" data-e-type=\"widget\" data-widget_type=\"heading.default\">\n\t\t\t\t<div class=\"elementor-widget-container\">\n\t\t\t\t\t<p class=\"elementor-heading-title elementor-size-default\">Aviso Legal<\/p>\t\t\t\t<\/div>\n\t\t\t\t<\/div>\n\t\t\t\t<div class=\"elementor-element elementor-element-59a6dad contenido-web elementor-widget elementor-widget-text-editor\" data-id=\"59a6dad\" data-element_type=\"widget\" data-e-type=\"widget\" data-widget_type=\"text-editor.default\">\n\t\t\t\t<div class=\"elementor-widget-container\">\n\t\t\t\t\t\t\t\t\t<p>La presente documentaci\u00f3n de Cumplimiento LSSI-CE ha sido elaborada bajo la responsabilidad de ENECWORLD IBERICA S.L., que responde de la veracidad y exactitud de las informaciones aportadas para la confecci\u00f3n de la Documentaci\u00f3n.<\/p>\n<p><strong>INSTRUCCIONES<\/strong><\/p>\n<ul>\n<li>Debe introducir el \u201cAviso legal\u201d en su p\u00e1gina web.<\/li>\n<li>Si su web utiliza cookies, deber\u00e1 incluir la siguiente informaci\u00f3n:\n<ul>\n<li>Advertencia del uso de cookies.<\/li>\n<li>Identificaci\u00f3n de las finalidades de las cookies.<\/li>\n<li>Enlace al \u201cAviso Legal\u201d con informaci\u00f3n detallada.<\/li>\n<\/ul>\n<\/li>\n<\/ul>\n<p><strong>EJEMPLO<\/strong>:<\/p>\n<p>Uso de cookies.<\/p>\n<p>Utilizamos cookies propias y de terceros para mejorar nuestros servicios y mostrarle publicidad relacionada con sus preferencias mediante el an\u00e1lisis de sus h\u00e1bitos de navegaci\u00f3n. Puede consultar nuestra Pol\u00edtica de cookies aqu\u00ed.<\/p>\n<p><strong>ACEPTAR COOKIES | CONFIGURAR | RECHAZAR COOKIES<\/strong><\/p>\n<hr>\n<p><strong>Aviso Legal<\/strong><\/p>\n<p>En cumplimiento de la Ley 34\/2002, de 11 de julio, de servicios de la sociedad de la informaci\u00f3n y de comercio electr\u00f3nico (LSSI), le informamos de que:<\/p>\n<ul>\n<li><strong>ENECWORLD IBERICA S.L.<\/strong> (en adelante ENECWORLD IBERICA S.L.) es una SOCIEDAD LIMITADA.<\/li>\n<li><strong>CIF<\/strong>: B04443610.<\/li>\n<li><strong>Domicilio<\/strong>: Avenida Doctor Jim\u00e9nez D\u00edaz, n\u00ba9 Local 2 de Almer\u00eda.<\/li>\n<li><strong>Registro Mercantil<\/strong>: Almer\u00eda, Bolet\u00edn 121, Referencia 266199.<\/li>\n<\/ul>\n<p><strong>Datos de contacto<\/strong>:<\/p>\n<table>\n<thead>\n<tr>\n<th>Tipo<\/th>\n<th>Detalle<\/th>\n<\/tr>\n<\/thead>\n<tbody>\n<tr>\n<td>Tel\u00e9fono<\/td>\n<td>950 616 074<\/td>\n<\/tr>\n<tr>\n<td>E-mail<\/td>\n<td><a rel=\"noopener\">t.carmona@adeplusconsultores.com<\/a><\/td>\n<\/tr>\n<\/tbody>\n<\/table>\n<p><strong>Condiciones generales de uso del sitio web de ENECWORLD<\/strong><\/p>\n<p>El nombre de dominio <a href=\"https:\/\/enecworld.com\/en\/\" target=\"_new\" rel=\"noopener\">https:\/\/www.enecworld.com\/<\/a> es titularidad de ENECWORLD y su uso exclusivo est\u00e1 reservado a \u00e9ste. El portal tiene por objeto facilitar al p\u00fablico en general el conocimiento de las actividades, productos y servicios ofrecidos.<\/p>\n<p><strong>Propiedad intelectual, industrial y frames<\/strong><\/p>\n<p>Todos los elementos de este sitio Web son propiedad de ENECWORLD o sus colaboradores y est\u00e1n protegidos por los derechos correspondientes de propiedad intelectual e industrial.<\/p>\n<p><strong>Responsabilidad<\/strong><\/p>\n<p>El acceso a los portales de ENECWORLD y el uso de la informaci\u00f3n contenida en ellos es responsabilidad exclusiva del usuario. ENECWORLD no se hace responsable de errores en el sistema ni de da\u00f1os a equipos de los usuarios.<\/p>\n<p><strong>Links o hiperenlaces<\/strong><\/p>\n<p>La Web puede contener enlaces a contenidos de terceros. Estos no pertenecen a ENECWORLD, por lo que no nos hacemos responsables de su contenido. Cualquier enlace a ENECWORLD debe cumplir con las condiciones establecidas.<\/p>\n<p><strong>Protecci\u00f3n de Datos Personales<\/strong><\/p>\n<p>ENECWORLD se compromete al cumplimiento de la normativa de protecci\u00f3n de datos personales y garantiza la implementaci\u00f3n de las medidas de seguridad adecuadas.<\/p>\n<p><strong>Ley aplicable y jurisdicci\u00f3n<\/strong><\/p>\n<p>La ley aplicable ser\u00e1 la espa\u00f1ola, y cualquier conflicto ser\u00e1 resuelto por los Jueces y Tribunales del domicilio de ENECWORLD.<\/p>\t\t\t\t\t\t\t\t<\/div>\n\t\t\t\t<\/div>\n\t\t\t\t\t<\/div>\n\t\t\t\t<\/div>\n\t\t\t\t<\/div>","protected":false},"excerpt":{"rendered":"<p>Aviso Legal La presente documentaci\u00f3n de Cumplimiento LSSI-CE ha sido elaborada bajo la responsabilidad de ENECWORLD IBERICA S.L., que responde de la veracidad y exactitud de las informaciones aportadas para la confecci\u00f3n de la Documentaci\u00f3n. INSTRUCCIONES Debe introducir el \u201cAviso legal\u201d en su p\u00e1gina web. Si su web utiliza cookies, deber\u00e1 incluir la siguiente informaci\u00f3n: [&hellip;]<\/p>\n","protected":false},"author":1,"featured_media":0,"parent":0,"menu_order":0,"comment_status":"closed","ping_status":"closed","template":"","meta":{"_acf_changed":false,"footnotes":""},"class_list":["post-3007","page","type-page","status-publish","hentry"],"acf":[],"_links":{"self":[{"href":"https:\/\/enecworld.com\/en\/wp-json\/wp\/v2\/pages\/3007","targetHints":{"allow":["GET"]}}],"collection":[{"href":"https:\/\/enecworld.com\/en\/wp-json\/wp\/v2\/pages"}],"about":[{"href":"https:\/\/enecworld.com\/en\/wp-json\/wp\/v2\/types\/page"}],"author":[{"embeddable":true,"href":"https:\/\/enecworld.com\/en\/wp-json\/wp\/v2\/users\/1"}],"replies":[{"embeddable":true,"href":"https:\/\/enecworld.com\/en\/wp-json\/wp\/v2\/comments?post=3007"}],"version-history":[{"count":0,"href":"https:\/\/enecworld.com\/en\/wp-json\/wp\/v2\/pages\/3007\/revisions"}],"wp:attachment":[{"href":"https:\/\/enecworld.com\/en\/wp-json\/wp\/v2\/media?parent=3007"}],"curies":[{"name":"wp","href":"https:\/\/api.w.org\/{rel}","templated":true}]}}